{"id":1439,"date":"2020-08-16T20:49:30","date_gmt":"2020-08-16T20:49:30","guid":{"rendered":"https:\/\/marielabravo.wpengine.com\/?page_id=1439"},"modified":"2021-02-20T18:10:44","modified_gmt":"2021-02-20T18:10:44","slug":"preguntas-frecuentes","status":"publish","type":"page","link":"https:\/\/mariela-bravo.com\/es\/preguntas-frecuentes\/","title":{"rendered":"Preguntas Frecuentes"},"content":{"rendered":"<div class=\"vc_row wpb_row vc_row-fluid\"><div class=\"wpb_column vc_column_container vc_col-sm-12\"><div class=\"vc_column-inner\"><div class=\"wpb_wrapper\">            <div class=\"zonex-title style1   zonex_custom_css_1588548615   responsive_js_composer_custom_css_292742445\">\r\n                                <div class=\"title-inner\">\r\n\t                                                <h3 class=\"block-title\">\r\n                                                                            Sobre los programas de entrenamiento                                            <\/h3>\r\n                \t                                <\/div>\r\n            <\/div>\r\n\r\n            <\/div><\/div><\/div><\/div><div class=\"vc_row wpb_row vc_row-fluid vc_custom_1573097195693 responsive_js_composer_custom_css_1912291320\"><div class=\"wpb_column vc_column_container vc_col-sm-12\"><div class=\"vc_column-inner\"><div class=\"wpb_wrapper\"><div  class=\"vc_toggle responsive_js_composer_custom_css_1070960306 vc_toggle_default vc_toggle_color_default  vc_toggle_size_md responsive_js_composer_custom_css_1070960306\"><div class=\"vc_toggle_title\"><h4>1. \u00bfDebo hacer los ejercicios en el orden en que los presentan?<\/h4><i class=\"vc_toggle_icon\"><\/i><\/div><div class=\"vc_toggle_content\"><p>No, pero es lo m\u00e1s recomendado. Los ejercicios, las repeticiones y la intensidad fueron<br \/>\nprogramados para realizarse en el orden como se indican, as\u00ed que los cambios significativos<br \/>\npueden impactar en los resultados. Si quieres hacer un par de cambios no hay inconveniente,<br \/>\npero no es recomendado cambiar por completo el orden de los ejercicios.<\/p>\n<\/div><\/div><div  class=\"vc_toggle responsive_js_composer_custom_css_1777955613 vc_toggle_default vc_toggle_color_default  vc_toggle_size_md responsive_js_composer_custom_css_1777955613\"><div class=\"vc_toggle_title\"><h4>2. \u00bfQu\u00e9 ocurre si tengo un dolor agudo o alguna lesi\u00f3n durante el entrenamiento?<\/h4><i class=\"vc_toggle_icon\"><\/i><\/div><div class=\"vc_toggle_content\"><p>Sin excepciones, debes detener tu entrenamiento, evitar cualquier actividad f\u00edsica y descansar el<br \/>\nresto del d\u00eda. Si el dolor es intenso, debes consultar a un m\u00e9dico. Por cualquier duda, siempre<br \/>\ndebes consultar a un m\u00e9dico especialista. No vale la pena lesionarse, no debes dudar ni un<br \/>\nsegundo en consultar a un m\u00e9dico y darle prioridad a tu salud y \u00e9xito en tus entrenamientos en el<br \/>\nlargo plazo.<\/p>\n<\/div><\/div><div  class=\"vc_toggle responsive_js_composer_custom_css_706614845 vc_toggle_default vc_toggle_color_default  vc_toggle_size_md vc_toggle_active responsive_js_composer_custom_css_706614845\"><div class=\"vc_toggle_title\"><h4>3. \u00bfQu\u00e9 debo hacer si el entrenamiento es muy dif\u00edcil?<\/h4><i class=\"vc_toggle_icon\"><\/i><\/div><div class=\"vc_toggle_content\"><p>Si te sientes abrumado, t\u00f3mate media semana de descanso y te recomiendo que las pr\u00f3ximas<br \/>\nsemanas hagas menos repeticiones y menos series. Si tus mancuernas son muy pesadas, debes<br \/>\nconsiderar adquirir unas mancuernas de menor peso, eso ser\u00e1 de gran ayuda.<\/p>\n<\/div><\/div><div  class=\"vc_toggle responsive_js_composer_custom_css_1027978416 vc_toggle_default vc_toggle_color_default  vc_toggle_size_md responsive_js_composer_custom_css_1027978416\"><div class=\"vc_toggle_title\"><h4>4. \u00bfQu\u00e9 debo hacer si no tengo tiempo para terminar el entrenamiento?<\/h4><i class=\"vc_toggle_icon\"><\/i><\/div><div class=\"vc_toggle_content\"><p>Si no tienes oportunidad de continuar la rutina en otro momento ese mismo d\u00eda, des\u00e9chalo y<br \/>\nsigue adelante el d\u00eda siguiente. Cuando est\u00e9s organizando tu d\u00eda, aseg\u00farate de disponer del<br \/>\ntiempo suficiente para completar tus entrenamientos.<\/p>\n<\/div><\/div><div  class=\"vc_toggle responsive_js_composer_custom_css_74593561 vc_toggle_default vc_toggle_color_default  vc_toggle_size_md responsive_js_composer_custom_css_74593561\"><div class=\"vc_toggle_title\"><h4>5. \u00bfQu\u00e9 hacer si no pude entrenar un d\u00eda?<\/h4><i class=\"vc_toggle_icon\"><\/i><\/div><div class=\"vc_toggle_content\"><p>Sigue adelante con los entrenamientos asignados para los dem\u00e1s d\u00edas de esa semana. Si dejas de<br \/>\nentrenar por m\u00e1s de un d\u00eda, te recomiendo entrenar m\u00e1s suave el resto de la semana y comenzar<br \/>\nla semana siguiente con los entrenamientos tal y como estaban planeados.<\/p>\n<\/div><\/div><div  class=\"vc_toggle responsive_js_composer_custom_css_218537674 vc_toggle_default vc_toggle_color_default  vc_toggle_size_md responsive_js_composer_custom_css_218537674\"><div class=\"vc_toggle_title\"><h4>6. \u00bfDe cu\u00e1nto tiempo debe ser el descanso entre las series?<\/h4><i class=\"vc_toggle_icon\"><\/i><\/div><div class=\"vc_toggle_content\"><p>A menos que te lo indique expl\u00edcitamente, el descanso general debe ser entre 1 y 3 minutos entre<br \/>\nlas series, o hasta que tu respiraci\u00f3n vuelva a la normalidad.<\/p>\n<\/div><\/div><div  class=\"vc_toggle responsive_js_composer_custom_css_1093450250 vc_toggle_default vc_toggle_color_default  vc_toggle_size_md responsive_js_composer_custom_css_1093450250\"><div class=\"vc_toggle_title\"><h4>7. \u00bfQu\u00e9 debo hacer si no estoy ganando ni perdiendo peso?<\/h4><i class=\"vc_toggle_icon\"><\/i><\/div><div class=\"vc_toggle_content\"><p>Lo primero a evaluar es tu dieta y tus entrenamientos de cardio. Revisa mi Blog para aprender<br \/>\nsobre la alimentaci\u00f3n durante per\u00edodos de entrenamiento, as\u00ed como opciones de alimentaci\u00f3n<br \/>\nsaludable y recetas que de seguro ser\u00e1n de mucha utilidad.<\/p>\n<\/div><\/div><\/div><\/div><\/div><\/div><div class=\"vc_row wpb_row vc_row-fluid\"><div class=\"wpb_column vc_column_container vc_col-sm-12\"><div class=\"vc_column-inner\"><div class=\"wpb_wrapper\">            <div class=\"zonex-title style1   zonex_custom_css_1441389684   responsive_js_composer_custom_css_1143131536\">\r\n                                <div class=\"title-inner\">\r\n\t                                                <h3 class=\"block-title\">\r\n                                                                            Sobre mi sitio web                                            <\/h3>\r\n                \t                                <\/div>\r\n            <\/div>\r\n\r\n            <\/div><\/div><\/div><\/div><div class=\"vc_row wpb_row vc_row-fluid vc_custom_1573097195693 responsive_js_composer_custom_css_510470410\"><div class=\"wpb_column vc_column_container vc_col-sm-12\"><div class=\"vc_column-inner\"><div class=\"wpb_wrapper\"><div  class=\"vc_toggle responsive_js_composer_custom_css_2079149506 vc_toggle_default vc_toggle_color_default  vc_toggle_size_md responsive_js_composer_custom_css_2079149506\"><div class=\"vc_toggle_title\"><h4>1. \u00bfC\u00f3mo puedo acceder a mi cuenta?<\/h4><i class=\"vc_toggle_icon\"><\/i><\/div><div class=\"vc_toggle_content\"><p>1. Entra en la p\u00e1gina www.mariela-bravo.com<br \/>\n2. Inicia sesi\u00f3n y haz clic en el men\u00fa de usuario<br \/>\n3. Selecciona \u201cInicio\u201d<br \/>\n4. Selecciona el men\u00fa seg\u00fan lo que busques: transacciones, tus programas comprados, detalles de tu cuenta.<\/p>\n<\/div><\/div><div  class=\"vc_toggle responsive_js_composer_custom_css_692066593 vc_toggle_default vc_toggle_color_default  vc_toggle_size_md responsive_js_composer_custom_css_692066593\"><div class=\"vc_toggle_title\"><h4>2. \u00bfPor qu\u00e9 debo colocar mis datos de tarjeta de cr\u00e9dito para una \u201cPeriodo de Prueba\u201d?<\/h4><i class=\"vc_toggle_icon\"><\/i><\/div><div class=\"vc_toggle_content\"><p>Se necesita una tarjeta de cr\u00e9dito para poder activar tu \u201cPeriodo de Prueba\u201d. Puedes estar seguro<br \/>\nde que no haremos ning\u00fan cargo durante el \u201cPeriodo de Prueba\u201d y debes cancelar tu suscripci\u00f3n<br \/>\nen este periodo para no correr el riesgo de que te realicen alg\u00fan cargo a tu tarjeta. Si no cancelas<br \/>\nla suscripci\u00f3n 48 horas antes de que finalice el \u201cPeriodo de Prueba\u201d, autom\u00e1ticamente se cargar\u00e1<br \/>\na tu tarjeta el costo del plan que seleccionaste.<\/p>\n<\/div><\/div><div  class=\"vc_toggle responsive_js_composer_custom_css_382759116 vc_toggle_default vc_toggle_color_default  vc_toggle_size_md vc_toggle_active responsive_js_composer_custom_css_382759116\"><div class=\"vc_toggle_title\"><h4>3. \u00bfPor qu\u00e9 se renov\u00f3 mi suscripci\u00f3n?<\/h4><i class=\"vc_toggle_icon\"><\/i><\/div><div class=\"vc_toggle_content\"><p>Cuando te suscribes a alguno de los planes de entrenamiento de Mariela Bravo Fit, la suscripci\u00f3n<br \/>\nse renueva de forma autom\u00e1tica mensualmente, dependiendo del plan que escogiste. Se har\u00e1 el<br \/>\ncargo a tu tarjeta el mismo d\u00eda de cada mes a menos que canceles tu suscripci\u00f3n al menos 48<br \/>\nhoras antes de la renovaci\u00f3n.<\/p>\n<\/div><\/div><div  class=\"vc_toggle responsive_js_composer_custom_css_290568410 vc_toggle_default vc_toggle_color_default  vc_toggle_size_md responsive_js_composer_custom_css_290568410\"><div class=\"vc_toggle_title\"><h4>4. \u00bfC\u00f3mo puedo cancelar mi suscripci\u00f3n?<\/h4><i class=\"vc_toggle_icon\"><\/i><\/div><div class=\"vc_toggle_content\"><p>Lamentamos mucho que te vayas, pero si necesitas cancelar tu suscripci\u00f3n sigue los siguientes<br \/>\npasos:<\/p>\n<p style=\"padding-left: 40px;\">1. Inicia sesi\u00f3n con tu cuenta en www.mariela-bravo.com<\/p>\n<p style=\"padding-left: 40px;\">2. Ve al men\u00fa de principal y Selecciona \u201c<strong>Mis programas<\/strong>\u201d.<\/p>\n<p style=\"padding-left: 40px;\">3. En el programa, seleccionar \u201cView billing\u201d.<\/p>\n<p style=\"padding-left: 40px;\">4. Desliza hasta abajo y seleecionar \u00abCancel-change payment\u00bb<\/p>\n<p style=\"padding-left: 40px;\">5. Se cancelar\u00e1 la suscripci\u00f3n.<\/p>\n<\/div><\/div><div  class=\"vc_toggle responsive_js_composer_custom_css_195517375 vc_toggle_default vc_toggle_color_default  vc_toggle_size_md responsive_js_composer_custom_css_195517375\"><div class=\"vc_toggle_title\"><h4>5. \u00bfC\u00f3mo puedo actualizar mi m\u00e9todo de pago?<\/h4><i class=\"vc_toggle_icon\"><\/i><\/div><div class=\"vc_toggle_content\"><p>1. Ingresa en tu cuenta en www.mariela-bravo.com<br \/>\n2. Selecciona \u201cMi cuenta\u201d y ver\u00e1s tus planes de suscripci\u00f3n<br \/>\n3. Ingresa los nuevos datos de tu tarjeta de cr\u00e9dito y selecciona \u201cGuardar\u201d<\/p>\n<\/div><\/div><\/div><\/div><\/div><\/div><div class=\"vc_row wpb_row vc_row-fluid\"><div class=\"wpb_column vc_column_container vc_col-sm-12\"><div class=\"vc_column-inner\"><div class=\"wpb_wrapper\">            <div class=\"zonex-title style1   zonex_custom_css_1821878425   responsive_js_composer_custom_css_540693988\">\r\n                                <div class=\"title-inner\">\r\n\t                                                <h3 class=\"block-title\">\r\n                                                                            Cont\u00e1ctanos para m\u00e1s dudas                                            <\/h3>\r\n                \t                                <\/div>\r\n            <\/div>\r\n\r\n            <\/div><\/div><\/div><\/div><div class=\"vc_row wpb_row vc_row-fluid\"><div class=\"wpb_column vc_column_container vc_col-sm-12\"><div class=\"vc_column-inner\"><div class=\"wpb_wrapper\">\n\t<div class=\"wpb_text_column wpb_content_element  vc_custom_1598814859216 responsive_js_composer_custom_css_118327227\" >\n\t\t<div class=\"wpb_wrapper\">\n\t\t\t<p>Si necesitas asistencia o nos quieres enviar alg\u00fan comentario, \u00a1nos encantar\u00eda saber tu opini\u00f3n!<br \/>\nTenemos un equipo de soporte t\u00e9cnico que te asistir\u00e1. Puedes dejarnos tu comentario a trav\u00e9s de<br \/>\nla p\u00e1gina<a href=\"https:\/\/mariela-bravo.com\"> www.mariela-bravo.com<\/a> o enviarnos un correo a <a href=\"mailto:support@mariela-bravo.com\">support@mariela-bravo.com <\/a> y te<br \/>\nresponderemos a la brevedad posible.<\/p>\n<p>Estamos disponibles en horario de oficina de Lunes a Viernes. Si nos escribes fuera de estos<br \/>\nhorarios, te responderemos el siguiente d\u00eda laboral.<\/p>\n<p>\u00a1Esperamos poder ayudarte!<\/p>\n\n\t\t<\/div>\n\t<\/div>\n<\/div><\/div><\/div><\/div>\n","protected":false},"excerpt":{"rendered":"Sobre los programas de entrenamiento 1. \u00bfDebo hacer los ejercicios en el orden en que los presentan?No, pero es lo m\u00e1s recomendado. Los ejercicios, las repeticiones y la intensidad fueron programados para realizarse en el orden como se indican, as\u00ed que los cambios significativos pueden impactar en los resultados. Si quieres hacer un par de [...]","protected":false},"author":2,"featured_media":0,"parent":0,"menu_order":0,"comment_status":"closed","ping_status":"closed","template":"","meta":{"footnotes":""},"class_list":["post-1439","page","type-page","status-publish","hentry"],"yoast_head":"<!-- This site is optimized with the Yoast SEO plugin v17.1 - https:\/\/yoast.com\/wordpress\/plugins\/seo\/ -->\n<title>Preguntas Frecuentes - Mariela Bravo Fit<\/title>\n<meta name=\"robots\" content=\"index, follow, max-snippet:-1, max-image-preview:large, max-video-preview:-1\" \/>\n<link rel=\"canonical\" href=\"https:\/\/mariela-bravo.com\/es\/preguntas-frecuentes\/\" \/>\n<meta property=\"og:locale\" content=\"es_ES\" \/>\n<meta property=\"og:type\" content=\"article\" \/>\n<meta property=\"og:title\" content=\"Preguntas Frecuentes - Mariela Bravo Fit\" \/>\n<meta property=\"og:url\" content=\"https:\/\/mariela-bravo.com\/es\/preguntas-frecuentes\/\" \/>\n<meta property=\"og:site_name\" content=\"Mariela Bravo Fit\" \/>\n<meta property=\"article:modified_time\" content=\"2021-02-20T18:10:44+00:00\" \/>\n<meta name=\"twitter:card\" content=\"summary_large_image\" \/>\n<meta name=\"twitter:label1\" content=\"Tiempo de lectura\" \/>\n\t<meta name=\"twitter:data1\" content=\"4 minutos\" \/>\n<script type=\"application\/ld+json\" class=\"yoast-schema-graph\">{\"@context\":\"https:\/\/schema.org\",\"@graph\":[{\"@type\":\"WebSite\",\"@id\":\"https:\/\/mariela-bravo.com\/#website\",\"url\":\"https:\/\/mariela-bravo.com\/\",\"name\":\"Mariela Bravo Fit\",\"description\":\"Healthy &amp; Lifestyle\",\"potentialAction\":[{\"@type\":\"SearchAction\",\"target\":{\"@type\":\"EntryPoint\",\"urlTemplate\":\"https:\/\/mariela-bravo.com\/?s={search_term_string}\"},\"query-input\":\"required name=search_term_string\"}],\"inLanguage\":\"es\"},{\"@type\":\"WebPage\",\"@id\":\"https:\/\/mariela-bravo.com\/es\/preguntas-frecuentes\/#webpage\",\"url\":\"https:\/\/mariela-bravo.com\/es\/preguntas-frecuentes\/\",\"name\":\"Preguntas Frecuentes - Mariela Bravo Fit\",\"isPartOf\":{\"@id\":\"https:\/\/mariela-bravo.com\/#website\"},\"datePublished\":\"2020-08-16T20:49:30+00:00\",\"dateModified\":\"2021-02-20T18:10:44+00:00\",\"breadcrumb\":{\"@id\":\"https:\/\/mariela-bravo.com\/es\/preguntas-frecuentes\/#breadcrumb\"},\"inLanguage\":\"es\",\"potentialAction\":[{\"@type\":\"ReadAction\",\"target\":[\"https:\/\/mariela-bravo.com\/es\/preguntas-frecuentes\/\"]}]},{\"@type\":\"BreadcrumbList\",\"@id\":\"https:\/\/mariela-bravo.com\/es\/preguntas-frecuentes\/#breadcrumb\",\"itemListElement\":[{\"@type\":\"ListItem\",\"position\":1,\"name\":\"Home\",\"item\":\"https:\/\/mariela-bravo.com\/es\/\"},{\"@type\":\"ListItem\",\"position\":2,\"name\":\"Preguntas Frecuentes\"}]}]}<\/script>\n<!-- \/ Yoast SEO plugin. -->","yoast_head_json":{"title":"Preguntas Frecuentes - Mariela Bravo Fit","robots":{"index":"index","follow":"follow","max-snippet":"max-snippet:-1","max-image-preview":"max-image-preview:large","max-video-preview":"max-video-preview:-1"},"canonical":"https:\/\/mariela-bravo.com\/es\/preguntas-frecuentes\/","og_locale":"es_ES","og_type":"article","og_title":"Preguntas Frecuentes - Mariela Bravo Fit","og_url":"https:\/\/mariela-bravo.com\/es\/preguntas-frecuentes\/","og_site_name":"Mariela Bravo Fit","article_modified_time":"2021-02-20T18:10:44+00:00","twitter_card":"summary_large_image","twitter_misc":{"Tiempo de lectura":"4 minutos"},"schema":{"@context":"https:\/\/schema.org","@graph":[{"@type":"WebSite","@id":"https:\/\/mariela-bravo.com\/#website","url":"https:\/\/mariela-bravo.com\/","name":"Mariela Bravo Fit","description":"Healthy &amp; Lifestyle","potentialAction":[{"@type":"SearchAction","target":{"@type":"EntryPoint","urlTemplate":"https:\/\/mariela-bravo.com\/?s={search_term_string}"},"query-input":"required name=search_term_string"}],"inLanguage":"es"},{"@type":"WebPage","@id":"https:\/\/mariela-bravo.com\/es\/preguntas-frecuentes\/#webpage","url":"https:\/\/mariela-bravo.com\/es\/preguntas-frecuentes\/","name":"Preguntas Frecuentes - Mariela Bravo Fit","isPartOf":{"@id":"https:\/\/mariela-bravo.com\/#website"},"datePublished":"2020-08-16T20:49:30+00:00","dateModified":"2021-02-20T18:10:44+00:00","breadcrumb":{"@id":"https:\/\/mariela-bravo.com\/es\/preguntas-frecuentes\/#breadcrumb"},"inLanguage":"es","potentialAction":[{"@type":"ReadAction","target":["https:\/\/mariela-bravo.com\/es\/preguntas-frecuentes\/"]}]},{"@type":"BreadcrumbList","@id":"https:\/\/mariela-bravo.com\/es\/preguntas-frecuentes\/#breadcrumb","itemListElement":[{"@type":"ListItem","position":1,"name":"Home","item":"https:\/\/mariela-bravo.com\/es\/"},{"@type":"ListItem","position":2,"name":"Preguntas Frecuentes"}]}]}},"_links":{"self":[{"href":"https:\/\/mariela-bravo.com\/es\/wp-json\/wp\/v2\/pages\/1439","targetHints":{"allow":["GET"]}}],"collection":[{"href":"https:\/\/mariela-bravo.com\/es\/wp-json\/wp\/v2\/pages"}],"about":[{"href":"https:\/\/mariela-bravo.com\/es\/wp-json\/wp\/v2\/types\/page"}],"author":[{"embeddable":true,"href":"https:\/\/mariela-bravo.com\/es\/wp-json\/wp\/v2\/users\/2"}],"replies":[{"embeddable":true,"href":"https:\/\/mariela-bravo.com\/es\/wp-json\/wp\/v2\/comments?post=1439"}],"version-history":[{"count":0,"href":"https:\/\/mariela-bravo.com\/es\/wp-json\/wp\/v2\/pages\/1439\/revisions"}],"wp:attachment":[{"href":"https:\/\/mariela-bravo.com\/es\/wp-json\/wp\/v2\/media?parent=1439"}],"curies":[{"name":"wp","href":"https:\/\/api.w.org\/{rel}","templated":true}]}}