{"id":1924,"date":"2020-08-08T16:14:49","date_gmt":"2020-08-08T16:14:49","guid":{"rendered":"https:\/\/marielabravo.wpengine.com\/mis-programas\/"},"modified":"2022-02-26T02:09:20","modified_gmt":"2022-02-26T02:09:20","slug":"adquiere-un-programa","status":"publish","type":"page","link":"https:\/\/mariela-bravo.com\/es\/adquiere-un-programa\/","title":{"rendered":"Adquiere un programa"},"content":{"rendered":"<div class=\"vc_row wpb_row vc_row-fluid\"><div class=\"wpb_column vc_column_container vc_col-sm-2\"><div class=\"vc_column-inner\"><div class=\"wpb_wrapper\"><\/div><\/div><\/div><div class=\"wpb_column vc_column_container vc_col-sm-8\"><div class=\"vc_column-inner\"><div class=\"wpb_wrapper\"><div class=\"vc_empty_space  empty-1 responsive_js_composer_custom_css_357058808\"   style=\"height: 50px\"><span class=\"vc_empty_space_inner\"><\/span><\/div>\n\t<div class=\"wpb_text_column wpb_content_element  responsive_js_composer_custom_css_441312008\" >\n\t\t<div class=\"wpb_wrapper\">\n\t\t\t<h1 class=\"\" style=\"font-size: 45px; text-align: center;\">\u00a1Bienvenidos al inicio de esta aventura de salud y bienestar!<\/h1>\n<p>&nbsp;<\/p>\n<p class=\"has-text-align-left\" style=\"text-align: center;\">Estar \u201cFIT\u201d comienza con sentirnos bien, y esto incluye nuestros niveles de energ\u00eda, humor, fuerza, flexibilidad, control de peso, sue\u00f1o y muchos otros elementos clave para tener un estilo de vida saludable.<\/p>\n\n\t\t<\/div>\n\t<\/div>\n<\/div><\/div><\/div><div class=\"wpb_column vc_column_container vc_col-sm-2\"><div class=\"vc_column-inner\"><div class=\"wpb_wrapper\"><\/div><\/div><\/div><\/div><div data-vc-full-width=\"true\" data-vc-full-width-init=\"false\" data-vc-stretch-content=\"true\" class=\"vc_row wpb_row vc_row-fluid responsive_js_composer_custom_css_608211544\"><div class=\"wpb_column vc_column_container vc_col-sm-12\"><div class=\"vc_column-inner\"><div class=\"wpb_wrapper\"><div class=\"vc_empty_space  responsive_js_composer_custom_css_85904289\"   style=\"height: 100px\"><span class=\"vc_empty_space_inner\"><\/span><\/div><\/div><\/div><\/div><\/div><div class=\"vc_row-full-width vc_clearfix\"><\/div><div class=\"vc_row wpb_row vc_row-fluid workoutrow one-time responsive_js_composer_custom_css_366452586\"><div class=\"wpb_column vc_column_container vc_col-sm-6 responsive_js_composer_custom_css_463382055\"><div class=\"vc_column-inner\"><div class=\"wpb_wrapper\">            <div class=\"zonex-title style1  workouttext zonex_custom_css_2038428042   vc_custom_1598231648528 responsive_js_composer_custom_css_159350389\">\r\n                                <div class=\"title-inner\">\r\n\t                                                <h3 class=\"block-title\">\r\n                                                                            Be Active                                            <\/h3>\r\n                \t                                        <div class=\"description\">\r\n\t\t\t                Mejora tu condici\u00f3n f\u00edsica, pierde peso e incrementa tu resistencia, fuerza y agilidad con BE ACTIVE.<\/p>\n<p>Es un programa de 6 semanas, todos los ejercicios son de bajo impacto, para hacer en casa, no necesitas ning\u00fan equipo.                        <\/div>\r\n\t                                <\/div>\r\n            <\/div>\r\n\r\n                        <div class=\"zonex-button style-01  ctaprogram zonex_custom_css_22071922    responsive_js_composer_custom_css_1681561206\">\r\n                <div class=\"button-inner\">\r\n                                            <a class=\"button\" target=\"_self\"\r\n                           href=\"https:\/\/mariela-bravo.com\/es\/producto\/be-active\/\">Ver programa<\/a>\r\n                                                        <\/div>\r\n            <\/div>\r\n            <\/div><\/div><\/div><div class=\"wpb_column vc_column_container vc_col-sm-6\"><div class=\"vc_column-inner\"><div class=\"wpb_wrapper\">\r\n\t<div class=\"wpb_single_image wpb_content_element vc_align_left   workoutcirculo responsive_js_composer_custom_css_292673639\">\r\n\t\t\r\n\t\t<figure class=\"wpb_wrapper vc_figure\">\r\n\t\t\t<div class=\"vc_single_image-wrapper   vc_box_border_grey\"><img loading=\"lazy\" decoding=\"async\" width=\"1000\" height=\"1000\" src=\"https:\/\/mariela-bravo.com\/wp-content\/uploads\/2020\/08\/workout-mb.jpg\" class=\"vc_single_image-img attachment-full\" alt=\"\" srcset=\"https:\/\/mariela-bravo.com\/wp-content\/uploads\/2020\/08\/workout-mb.jpg 1000w, https:\/\/mariela-bravo.com\/wp-content\/uploads\/2020\/08\/workout-mb-300x300.jpg 300w, https:\/\/mariela-bravo.com\/wp-content\/uploads\/2020\/08\/workout-mb-675x675.jpg 675w, https:\/\/mariela-bravo.com\/wp-content\/uploads\/2020\/08\/workout-mb-150x150.jpg 150w, https:\/\/mariela-bravo.com\/wp-content\/uploads\/2020\/08\/workout-mb-768x768.jpg 768w\" sizes=\"auto, (max-width: 1000px) 100vw, 1000px\" \/><\/div>\r\n\t\t<\/figure>\r\n\t<\/div>\r\n<\/div><\/div><\/div><\/div><div class=\"vc_row wpb_row vc_row-fluid workoutrow membresia responsive_js_composer_custom_css_1509774003\"><div class=\"membresia wpb_column vc_column_container vc_col-sm-6 responsive_js_composer_custom_css_2082219784\"><div class=\"vc_column-inner\"><div class=\"wpb_wrapper\">            <div class=\"zonex-title style1   zonex_custom_css_334932172   responsive_js_composer_custom_css_1503481936\">\r\n                                <div class=\"title-inner\">\r\n\t                                                <h3 class=\"block-title\">\r\n                                                                            Be Fit                                            <\/h3>\r\n                \t                                        <div class=\"description\">\r\n\t\t\t                Lleg\u00f3 el momento de estar FIT desde casa. \u00a1Perder\u00e1s peso y lo disfrutar\u00e1s!<\/p>\n<p>BE FIT es un plan mensual que combina una variedad de ejercicios funcionales con ligas, pesas de tobillo y ejercicios con tu propio peso (sin equipos).<\/p>\n<p>Ejercicios de bajo impacto para hacer en casa.                        <\/div>\r\n\t                                <\/div>\r\n            <\/div>\r\n\r\n                        <div class=\"zonex-button style-01  ctaprogram zonex_custom_css_20515235    responsive_js_composer_custom_css_1862640965\">\r\n                <div class=\"button-inner\">\r\n                                            <a class=\"button\" target=\"_self\"\r\n                           href=\"https:\/\/mariela-bravo.com\/es\/producto\/be-fit\/\">Ver programa<\/a>\r\n                                                        <\/div>\r\n            <\/div>\r\n            <\/div><\/div><\/div><div class=\"wpb_column vc_column_container vc_col-sm-6\"><div class=\"vc_column-inner\"><div class=\"wpb_wrapper\">\r\n\t<div class=\"wpb_single_image wpb_content_element vc_align_left   workoutcirculo responsive_js_composer_custom_css_534782203\">\r\n\t\t\r\n\t\t<figure class=\"wpb_wrapper vc_figure\">\r\n\t\t\t<div class=\"vc_single_image-wrapper   vc_box_border_grey\"><img loading=\"lazy\" decoding=\"async\" width=\"1024\" height=\"1024\" src=\"https:\/\/mariela-bravo.com\/wp-content\/uploads\/2020\/09\/bfit_homeoficial-2.jpg\" class=\"vc_single_image-img attachment-full\" alt=\"\" srcset=\"https:\/\/mariela-bravo.com\/wp-content\/uploads\/2020\/09\/bfit_homeoficial-2.jpg 1024w, https:\/\/mariela-bravo.com\/wp-content\/uploads\/2020\/09\/bfit_homeoficial-2-300x300.jpg 300w, https:\/\/mariela-bravo.com\/wp-content\/uploads\/2020\/09\/bfit_homeoficial-2-150x150.jpg 150w, https:\/\/mariela-bravo.com\/wp-content\/uploads\/2020\/09\/bfit_homeoficial-2-768x768.jpg 768w, https:\/\/mariela-bravo.com\/wp-content\/uploads\/2020\/09\/bfit_homeoficial-2-675x675.jpg 675w\" sizes=\"auto, (max-width: 1024px) 100vw, 1024px\" \/><\/div>\r\n\t\t<\/figure>\r\n\t<\/div>\r\n<\/div><\/div><\/div><\/div><div class=\"vc_row wpb_row vc_row-fluid workoutrow membresia responsive_js_composer_custom_css_254643734\"><div class=\"membresia wpb_column vc_column_container vc_col-sm-6 responsive_js_composer_custom_css_1324638461\"><div class=\"vc_column-inner\"><div class=\"wpb_wrapper\">            <div class=\"zonex-title style1  workouttext zonex_custom_css_2027456878   vc_custom_1598228641800 responsive_js_composer_custom_css_1054415806\">\r\n                                <div class=\"title-inner\">\r\n\t                                                <h3 class=\"block-title\">\r\n                                                                            Be Strong                                            <\/h3>\r\n                \t                                        <div class=\"description\">\r\n\t\t\t                \u00bfTe gusta entrenar con peso? BE STRONG es un programa mensual para entrenar fuerte, construir y mantener masa muscular y tonificar tus m\u00fasculos desde casa.<\/p>\n<p>BE STRONG ha sido dise\u00f1ado para entrenar con mancuernas y ejercicios con tu propio peso.                        <\/div>\r\n\t                                <\/div>\r\n            <\/div>\r\n\r\n                        <div class=\"zonex-button style-01  ctaprogram zonex_custom_css_496410086    responsive_js_composer_custom_css_678044809\">\r\n                <div class=\"button-inner\">\r\n                                            <a class=\"button\" target=\"_self\"\r\n                           href=\"https:\/\/mariela-bravo.com\/es\/producto\/be-strong\/\">Ver programa<\/a>\r\n                                                        <\/div>\r\n            <\/div>\r\n            <\/div><\/div><\/div><div class=\"wpb_column vc_column_container vc_col-sm-6\"><div class=\"vc_column-inner\"><div class=\"wpb_wrapper\">\r\n\t<div class=\"wpb_single_image wpb_content_element vc_align_left   workoutcirculo responsive_js_composer_custom_css_1860810567\">\r\n\t\t\r\n\t\t<figure class=\"wpb_wrapper vc_figure\">\r\n\t\t\t<div class=\"vc_single_image-wrapper   vc_box_border_grey\"><img loading=\"lazy\" decoding=\"async\" width=\"1024\" height=\"1024\" src=\"https:\/\/mariela-bravo.com\/wp-content\/uploads\/2020\/09\/bstrong_homeoficial.jpg\" class=\"vc_single_image-img attachment-full\" alt=\"\" srcset=\"https:\/\/mariela-bravo.com\/wp-content\/uploads\/2020\/09\/bstrong_homeoficial.jpg 1024w, https:\/\/mariela-bravo.com\/wp-content\/uploads\/2020\/09\/bstrong_homeoficial-300x300.jpg 300w, https:\/\/mariela-bravo.com\/wp-content\/uploads\/2020\/09\/bstrong_homeoficial-150x150.jpg 150w, https:\/\/mariela-bravo.com\/wp-content\/uploads\/2020\/09\/bstrong_homeoficial-768x768.jpg 768w, https:\/\/mariela-bravo.com\/wp-content\/uploads\/2020\/09\/bstrong_homeoficial-675x675.jpg 675w\" sizes=\"auto, (max-width: 1024px) 100vw, 1024px\" \/><\/div>\r\n\t\t<\/figure>\r\n\t<\/div>\r\n<\/div><\/div><\/div><\/div><div class=\"vc_row wpb_row vc_row-fluid workoutrow one-time responsive_js_composer_custom_css_1368339905\"><div class=\"one-time wpb_column vc_column_container vc_col-sm-6 responsive_js_composer_custom_css_1461109612\"><div class=\"vc_column-inner\"><div class=\"wpb_wrapper\">            <div class=\"zonex-title style1  workouttext zonex_custom_css_1104103747   responsive_js_composer_custom_css_398612897\">\r\n                                <div class=\"title-inner\">\r\n\t                                                <h3 class=\"block-title\">\r\n                                                                            Be a Hero                                            <\/h3>\r\n                \t                                        <div class=\"description\">\r\n\t\t\t                Paquete exclusivo dise\u00f1ado para motivar a los ni\u00f1os para hacer ejercicio en casa, en familia. \u00a1Vamos a motivarlos, ense\u00f1arles y hacerlos H\u00c9ROES! Nuestros ni\u00f1os estar\u00e1n haciendo ejercicio y ayudando a otros.<\/p>\n<p>Es un Plan desarrollado en conjunto con OLIMPIADAS ESPECIALES AM\u00c9RICA LATINA, 100% del costo ser\u00e1 donado a OLIMPIADAS ESPECIALES AM\u00c9RICA LATINA para ayudar a atletas con y sin discapacidad intelectual.<\/p>\n<p>4 sesiones de entrenamiento por paquete.                        <\/div>\r\n\t                                <\/div>\r\n            <\/div>\r\n\r\n                        <div class=\"zonex-button style-01  ctaprogram zonex_custom_css_278147965    responsive_js_composer_custom_css_1686275490\">\r\n                <div class=\"button-inner\">\r\n                                            <a class=\"button\" target=\"_self\"\r\n                           href=\"https:\/\/mariela-bravo.com\/es\/producto\/be-a-hero\/\">Ver programa<\/a>\r\n                                                        <\/div>\r\n            <\/div>\r\n            <\/div><\/div><\/div><div class=\"wpb_column vc_column_container vc_col-sm-6\"><div class=\"vc_column-inner\"><div class=\"wpb_wrapper\">\r\n\t<div class=\"wpb_single_image wpb_content_element vc_align_left   workoutcirculo responsive_js_composer_custom_css_1730682906\">\r\n\t\t\r\n\t\t<figure class=\"wpb_wrapper vc_figure\">\r\n\t\t\t<div class=\"vc_single_image-wrapper   vc_box_border_grey\"><img loading=\"lazy\" decoding=\"async\" width=\"667\" height=\"667\" src=\"https:\/\/mariela-bravo.com\/wp-content\/uploads\/2020\/08\/workout-mbhero.jpg\" class=\"vc_single_image-img attachment-full\" alt=\"\" srcset=\"https:\/\/mariela-bravo.com\/wp-content\/uploads\/2020\/08\/workout-mbhero.jpg 667w, https:\/\/mariela-bravo.com\/wp-content\/uploads\/2020\/08\/workout-mbhero-300x300.jpg 300w, https:\/\/mariela-bravo.com\/wp-content\/uploads\/2020\/08\/workout-mbhero-150x150.jpg 150w\" sizes=\"auto, (max-width: 667px) 100vw, 667px\" \/><\/div>\r\n\t\t<\/figure>\r\n\t<\/div>\r\n<\/div><\/div><\/div><\/div>\n","protected":false},"excerpt":{"rendered":"\u00a1Bienvenidos al inicio de esta aventura de salud y bienestar! &nbsp; Estar \u201cFIT\u201d comienza con sentirnos bien, y esto incluye nuestros niveles de energ\u00eda, humor, fuerza, flexibilidad, control de peso, sue\u00f1o y muchos otros elementos clave para tener un estilo de vida saludable. Be Active Mejora tu condici\u00f3n f\u00edsica, pierde peso e incrementa tu resistencia, [...]","protected":false},"author":2,"featured_media":1925,"parent":0,"menu_order":0,"comment_status":"closed","ping_status":"closed","template":"","meta":{"footnotes":""},"class_list":["post-1924","page","type-page","status-publish","has-post-thumbnail","hentry"],"yoast_head":"<!-- This site is optimized with the Yoast SEO plugin v17.1 - https:\/\/yoast.com\/wordpress\/plugins\/seo\/ -->\n<title>Adquiere un programa - Mariela Bravo Fit<\/title>\n<meta name=\"robots\" content=\"index, follow, max-snippet:-1, max-image-preview:large, max-video-preview:-1\" \/>\n<link rel=\"canonical\" href=\"https:\/\/mariela-bravo.com\/es\/adquiere-un-programa\/\" \/>\n<meta property=\"og:locale\" content=\"es_ES\" \/>\n<meta property=\"og:type\" content=\"article\" \/>\n<meta property=\"og:title\" content=\"Adquiere un programa - Mariela Bravo Fit\" \/>\n<meta property=\"og:url\" content=\"https:\/\/mariela-bravo.com\/es\/adquiere-un-programa\/\" \/>\n<meta property=\"og:site_name\" content=\"Mariela Bravo Fit\" \/>\n<meta property=\"article:modified_time\" content=\"2022-02-26T02:09:20+00:00\" \/>\n<meta property=\"og:image\" content=\"https:\/\/mariela-bravo.com\/wp-content\/uploads\/2020\/07\/be-active-week-1-1.jpg\" \/>\n\t<meta property=\"og:image:width\" content=\"1080\" \/>\n\t<meta property=\"og:image:height\" content=\"1920\" \/>\n<meta name=\"twitter:card\" content=\"summary_large_image\" \/>\n<meta name=\"twitter:label1\" content=\"Tiempo de lectura\" \/>\n\t<meta name=\"twitter:data1\" content=\"5 minutos\" \/>\n<script type=\"application\/ld+json\" class=\"yoast-schema-graph\">{\"@context\":\"https:\/\/schema.org\",\"@graph\":[{\"@type\":\"WebSite\",\"@id\":\"https:\/\/mariela-bravo.com\/#website\",\"url\":\"https:\/\/mariela-bravo.com\/\",\"name\":\"Mariela Bravo Fit\",\"description\":\"Healthy &amp; Lifestyle\",\"potentialAction\":[{\"@type\":\"SearchAction\",\"target\":{\"@type\":\"EntryPoint\",\"urlTemplate\":\"https:\/\/mariela-bravo.com\/?s={search_term_string}\"},\"query-input\":\"required name=search_term_string\"}],\"inLanguage\":\"es\"},{\"@type\":\"ImageObject\",\"@id\":\"https:\/\/mariela-bravo.com\/es\/adquiere-un-programa\/#primaryimage\",\"inLanguage\":\"es\",\"url\":\"https:\/\/mariela-bravo.com\/wp-content\/uploads\/2020\/07\/be-active-week-1-1.jpg\",\"contentUrl\":\"https:\/\/mariela-bravo.com\/wp-content\/uploads\/2020\/07\/be-active-week-1-1.jpg\",\"width\":1080,\"height\":1920},{\"@type\":\"WebPage\",\"@id\":\"https:\/\/mariela-bravo.com\/es\/adquiere-un-programa\/#webpage\",\"url\":\"https:\/\/mariela-bravo.com\/es\/adquiere-un-programa\/\",\"name\":\"Adquiere un programa - Mariela Bravo Fit\",\"isPartOf\":{\"@id\":\"https:\/\/mariela-bravo.com\/#website\"},\"primaryImageOfPage\":{\"@id\":\"https:\/\/mariela-bravo.com\/es\/adquiere-un-programa\/#primaryimage\"},\"datePublished\":\"2020-08-08T16:14:49+00:00\",\"dateModified\":\"2022-02-26T02:09:20+00:00\",\"breadcrumb\":{\"@id\":\"https:\/\/mariela-bravo.com\/es\/adquiere-un-programa\/#breadcrumb\"},\"inLanguage\":\"es\",\"potentialAction\":[{\"@type\":\"ReadAction\",\"target\":[\"https:\/\/mariela-bravo.com\/es\/adquiere-un-programa\/\"]}]},{\"@type\":\"BreadcrumbList\",\"@id\":\"https:\/\/mariela-bravo.com\/es\/adquiere-un-programa\/#breadcrumb\",\"itemListElement\":[{\"@type\":\"ListItem\",\"position\":1,\"name\":\"Home\",\"item\":\"https:\/\/mariela-bravo.com\/es\/\"},{\"@type\":\"ListItem\",\"position\":2,\"name\":\"Adquiere un programa\"}]}]}<\/script>\n<!-- \/ Yoast SEO plugin. -->","yoast_head_json":{"title":"Adquiere un programa - Mariela Bravo Fit","robots":{"index":"index","follow":"follow","max-snippet":"max-snippet:-1","max-image-preview":"max-image-preview:large","max-video-preview":"max-video-preview:-1"},"canonical":"https:\/\/mariela-bravo.com\/es\/adquiere-un-programa\/","og_locale":"es_ES","og_type":"article","og_title":"Adquiere un programa - Mariela Bravo Fit","og_url":"https:\/\/mariela-bravo.com\/es\/adquiere-un-programa\/","og_site_name":"Mariela Bravo Fit","article_modified_time":"2022-02-26T02:09:20+00:00","og_image":[{"width":1080,"height":1920,"url":"https:\/\/mariela-bravo.com\/wp-content\/uploads\/2020\/07\/be-active-week-1-1.jpg","path":"\/nas\/content\/live\/marielabravo\/wp-content\/uploads\/2020\/07\/be-active-week-1-1.jpg","size":"full","id":1925,"alt":"","pixels":2073600,"type":"image\/jpeg"}],"twitter_card":"summary_large_image","twitter_misc":{"Tiempo de lectura":"5 minutos"},"schema":{"@context":"https:\/\/schema.org","@graph":[{"@type":"WebSite","@id":"https:\/\/mariela-bravo.com\/#website","url":"https:\/\/mariela-bravo.com\/","name":"Mariela Bravo Fit","description":"Healthy &amp; Lifestyle","potentialAction":[{"@type":"SearchAction","target":{"@type":"EntryPoint","urlTemplate":"https:\/\/mariela-bravo.com\/?s={search_term_string}"},"query-input":"required name=search_term_string"}],"inLanguage":"es"},{"@type":"ImageObject","@id":"https:\/\/mariela-bravo.com\/es\/adquiere-un-programa\/#primaryimage","inLanguage":"es","url":"https:\/\/mariela-bravo.com\/wp-content\/uploads\/2020\/07\/be-active-week-1-1.jpg","contentUrl":"https:\/\/mariela-bravo.com\/wp-content\/uploads\/2020\/07\/be-active-week-1-1.jpg","width":1080,"height":1920},{"@type":"WebPage","@id":"https:\/\/mariela-bravo.com\/es\/adquiere-un-programa\/#webpage","url":"https:\/\/mariela-bravo.com\/es\/adquiere-un-programa\/","name":"Adquiere un programa - Mariela Bravo Fit","isPartOf":{"@id":"https:\/\/mariela-bravo.com\/#website"},"primaryImageOfPage":{"@id":"https:\/\/mariela-bravo.com\/es\/adquiere-un-programa\/#primaryimage"},"datePublished":"2020-08-08T16:14:49+00:00","dateModified":"2022-02-26T02:09:20+00:00","breadcrumb":{"@id":"https:\/\/mariela-bravo.com\/es\/adquiere-un-programa\/#breadcrumb"},"inLanguage":"es","potentialAction":[{"@type":"ReadAction","target":["https:\/\/mariela-bravo.com\/es\/adquiere-un-programa\/"]}]},{"@type":"BreadcrumbList","@id":"https:\/\/mariela-bravo.com\/es\/adquiere-un-programa\/#breadcrumb","itemListElement":[{"@type":"ListItem","position":1,"name":"Home","item":"https:\/\/mariela-bravo.com\/es\/"},{"@type":"ListItem","position":2,"name":"Adquiere un programa"}]}]}},"_links":{"self":[{"href":"https:\/\/mariela-bravo.com\/es\/wp-json\/wp\/v2\/pages\/1924","targetHints":{"allow":["GET"]}}],"collection":[{"href":"https:\/\/mariela-bravo.com\/es\/wp-json\/wp\/v2\/pages"}],"about":[{"href":"https:\/\/mariela-bravo.com\/es\/wp-json\/wp\/v2\/types\/page"}],"author":[{"embeddable":true,"href":"https:\/\/mariela-bravo.com\/es\/wp-json\/wp\/v2\/users\/2"}],"replies":[{"embeddable":true,"href":"https:\/\/mariela-bravo.com\/es\/wp-json\/wp\/v2\/comments?post=1924"}],"version-history":[{"count":0,"href":"https:\/\/mariela-bravo.com\/es\/wp-json\/wp\/v2\/pages\/1924\/revisions"}],"wp:featuredmedia":[{"embeddable":true,"href":"https:\/\/mariela-bravo.com\/es\/wp-json\/wp\/v2\/media\/1925"}],"wp:attachment":[{"href":"https:\/\/mariela-bravo.com\/es\/wp-json\/wp\/v2\/media?parent=1924"}],"curies":[{"name":"wp","href":"https:\/\/api.w.org\/{rel}","templated":true}]}}