{"id":2036,"date":"2020-05-21T19:04:15","date_gmt":"2020-05-21T19:04:15","guid":{"rendered":"https:\/\/marielabravo.wpengine.com\/?page_id=2036"},"modified":"2020-09-12T01:21:37","modified_gmt":"2020-09-12T01:21:37","slug":"aviso-legal","status":"publish","type":"page","link":"https:\/\/mariela-bravo.com\/es\/aviso-legal\/","title":{"rendered":"Aviso Legal"},"content":{"rendered":"\n<h2 class=\"wp-block-heading\">T\u00e9rminos y Condiciones<\/h2>\n\n\n\n<p>Debe consultar a su m\u00e9dico u otro profesional de la salud antes de comenzar este o cualquier otro programa de acondicionamiento f\u00edsico para determinar si es adecuado para sus necesidades. Esto es particularmente cierto si usted (o su familia) tiene antecedentes de presi\u00f3n arterial alta o enfermedad card\u00edaca, o si alguna vez ha experimentado dolor en el pecho al hacer ejercicio o ha experimentado dolor en el pecho en el \u00faltimo mes cuando no realizaba actividad f\u00edsica, fuma, tiene el colesterol alto, es obeso o tiene un problema en los huesos o en las articulaciones que podr\u00eda empeorar con un cambio en la actividad f\u00edsica. No inicie este programa de acondicionamiento f\u00edsico si su m\u00e9dico o proveedor de atenci\u00f3n m\u00e9dica lo desaconseja. Si experimenta desmayos, mareos, dolor o dificultad para respirar en cualquier momento mientras hace ejercicio, debe detenerse inmediatamente.<\/p>\n\n\n\n<p>Este sitio ofrece informaci\u00f3n sobre salud, estado f\u00edsico y nutrici\u00f3n y est\u00e1 dise\u00f1ado \u00fanicamente con fines educativos. El usuario asume la responsabilidad del uso del portal. No debe confiar en esta informaci\u00f3n como un sustituto ni reemplaza el consejo, diagn\u00f3stico o tratamiento m\u00e9dico profesional. Los resultados variar\u00e1n seg\u00fan la edad, el peso y el compromiso con los entrenamientos.<\/p>\n\n\n\n<p>Si tiene alguna inquietud o pregunta sobre su salud, siempre debe consultar con un m\u00e9dico u otro profesional de la salud. No ignore, evite ni retrase la obtenci\u00f3n de consejos m\u00e9dicos o relacionados con la salud de su profesional de la salud debido a algo que haya le\u00eddo en este sitio. El uso de cualquier informaci\u00f3n proporcionada en este sitio es bajo su propio riesgo.<\/p>\n\n\n\n<p>Los avances en la investigaci\u00f3n m\u00e9dica pueden afectar los consejos sobre salud, estado f\u00edsico y nutrici\u00f3n que aparecen aqu\u00ed. No se puede garantizar que los consejos contenidos en este sitio siempre incluyan los hallazgos o desarrollos m\u00e1s recientes con respecto al material en particular.<\/p>\n\n\n\n<p>Cierto material m\u00e9dico o de salud en este sitio puede ser sexualmente expl\u00edcito. No utilice este sitio si encuentra estos materiales ofensivos.<\/p>\n","protected":false},"excerpt":{"rendered":"<p>T\u00e9rminos y Condiciones Debe consultar a su m\u00e9dico u otro profesional de la salud antes de comenzar este o cualquier otro programa de acondicionamiento f\u00edsico para determinar si es adecuado para sus necesidades. Esto es particularmente cierto si usted (o su familia) tiene antecedentes de presi\u00f3n arterial alta o enfermedad card\u00edaca, o si alguna vez [&hellip;]<\/p>\n","protected":false},"author":2,"featured_media":0,"parent":0,"menu_order":0,"comment_status":"closed","ping_status":"open","template":"","meta":{"footnotes":""},"class_list":["post-2036","page","type-page","status-publish","hentry"],"yoast_head":"<!-- This site is optimized with the Yoast SEO plugin v17.1 - https:\/\/yoast.com\/wordpress\/plugins\/seo\/ -->\n<title>Aviso Legal - Mariela Bravo Fit<\/title>\n<meta name=\"robots\" content=\"index, follow, max-snippet:-1, max-image-preview:large, max-video-preview:-1\" \/>\n<link rel=\"canonical\" href=\"https:\/\/mariela-bravo.com\/es\/aviso-legal\/\" \/>\n<meta property=\"og:locale\" content=\"es_ES\" \/>\n<meta property=\"og:type\" content=\"article\" \/>\n<meta property=\"og:title\" content=\"Aviso Legal - Mariela Bravo Fit\" \/>\n<meta property=\"og:description\" content=\"T\u00e9rminos y Condiciones Debe consultar a su m\u00e9dico u otro profesional de la salud antes de comenzar este o cualquier otro programa de acondicionamiento f\u00edsico para determinar si es adecuado para sus necesidades. Esto es particularmente cierto si usted (o su familia) tiene antecedentes de presi\u00f3n arterial alta o enfermedad card\u00edaca, o si alguna vez [&hellip;]\" \/>\n<meta property=\"og:url\" content=\"https:\/\/mariela-bravo.com\/es\/aviso-legal\/\" \/>\n<meta property=\"og:site_name\" content=\"Mariela Bravo Fit\" \/>\n<meta property=\"article:modified_time\" content=\"2020-09-12T01:21:37+00:00\" \/>\n<meta name=\"twitter:card\" content=\"summary_large_image\" \/>\n<meta name=\"twitter:label1\" content=\"Tiempo de lectura\" \/>\n\t<meta name=\"twitter:data1\" content=\"2 minutos\" \/>\n<script type=\"application\/ld+json\" class=\"yoast-schema-graph\">{\"@context\":\"https:\/\/schema.org\",\"@graph\":[{\"@type\":\"WebSite\",\"@id\":\"https:\/\/mariela-bravo.com\/#website\",\"url\":\"https:\/\/mariela-bravo.com\/\",\"name\":\"Mariela Bravo Fit\",\"description\":\"Healthy &amp; Lifestyle\",\"potentialAction\":[{\"@type\":\"SearchAction\",\"target\":{\"@type\":\"EntryPoint\",\"urlTemplate\":\"https:\/\/mariela-bravo.com\/?s={search_term_string}\"},\"query-input\":\"required name=search_term_string\"}],\"inLanguage\":\"es\"},{\"@type\":\"WebPage\",\"@id\":\"https:\/\/mariela-bravo.com\/es\/aviso-legal\/#webpage\",\"url\":\"https:\/\/mariela-bravo.com\/es\/aviso-legal\/\",\"name\":\"Aviso Legal - Mariela Bravo Fit\",\"isPartOf\":{\"@id\":\"https:\/\/mariela-bravo.com\/#website\"},\"datePublished\":\"2020-05-21T19:04:15+00:00\",\"dateModified\":\"2020-09-12T01:21:37+00:00\",\"breadcrumb\":{\"@id\":\"https:\/\/mariela-bravo.com\/es\/aviso-legal\/#breadcrumb\"},\"inLanguage\":\"es\",\"potentialAction\":[{\"@type\":\"ReadAction\",\"target\":[\"https:\/\/mariela-bravo.com\/es\/aviso-legal\/\"]}]},{\"@type\":\"BreadcrumbList\",\"@id\":\"https:\/\/mariela-bravo.com\/es\/aviso-legal\/#breadcrumb\",\"itemListElement\":[{\"@type\":\"ListItem\",\"position\":1,\"name\":\"Home\",\"item\":\"https:\/\/mariela-bravo.com\/es\/\"},{\"@type\":\"ListItem\",\"position\":2,\"name\":\"Aviso Legal\"}]}]}<\/script>\n<!-- \/ Yoast SEO plugin. -->","yoast_head_json":{"title":"Aviso Legal - Mariela Bravo Fit","robots":{"index":"index","follow":"follow","max-snippet":"max-snippet:-1","max-image-preview":"max-image-preview:large","max-video-preview":"max-video-preview:-1"},"canonical":"https:\/\/mariela-bravo.com\/es\/aviso-legal\/","og_locale":"es_ES","og_type":"article","og_title":"Aviso Legal - Mariela Bravo Fit","og_description":"T\u00e9rminos y Condiciones Debe consultar a su m\u00e9dico u otro profesional de la salud antes de comenzar este o cualquier otro programa de acondicionamiento f\u00edsico para determinar si es adecuado para sus necesidades. Esto es particularmente cierto si usted (o su familia) tiene antecedentes de presi\u00f3n arterial alta o enfermedad card\u00edaca, o si alguna vez [&hellip;]","og_url":"https:\/\/mariela-bravo.com\/es\/aviso-legal\/","og_site_name":"Mariela Bravo Fit","article_modified_time":"2020-09-12T01:21:37+00:00","twitter_card":"summary_large_image","twitter_misc":{"Tiempo de lectura":"2 minutos"},"schema":{"@context":"https:\/\/schema.org","@graph":[{"@type":"WebSite","@id":"https:\/\/mariela-bravo.com\/#website","url":"https:\/\/mariela-bravo.com\/","name":"Mariela Bravo Fit","description":"Healthy &amp; Lifestyle","potentialAction":[{"@type":"SearchAction","target":{"@type":"EntryPoint","urlTemplate":"https:\/\/mariela-bravo.com\/?s={search_term_string}"},"query-input":"required name=search_term_string"}],"inLanguage":"es"},{"@type":"WebPage","@id":"https:\/\/mariela-bravo.com\/es\/aviso-legal\/#webpage","url":"https:\/\/mariela-bravo.com\/es\/aviso-legal\/","name":"Aviso Legal - Mariela Bravo Fit","isPartOf":{"@id":"https:\/\/mariela-bravo.com\/#website"},"datePublished":"2020-05-21T19:04:15+00:00","dateModified":"2020-09-12T01:21:37+00:00","breadcrumb":{"@id":"https:\/\/mariela-bravo.com\/es\/aviso-legal\/#breadcrumb"},"inLanguage":"es","potentialAction":[{"@type":"ReadAction","target":["https:\/\/mariela-bravo.com\/es\/aviso-legal\/"]}]},{"@type":"BreadcrumbList","@id":"https:\/\/mariela-bravo.com\/es\/aviso-legal\/#breadcrumb","itemListElement":[{"@type":"ListItem","position":1,"name":"Home","item":"https:\/\/mariela-bravo.com\/es\/"},{"@type":"ListItem","position":2,"name":"Aviso Legal"}]}]}},"_links":{"self":[{"href":"https:\/\/mariela-bravo.com\/es\/wp-json\/wp\/v2\/pages\/2036","targetHints":{"allow":["GET"]}}],"collection":[{"href":"https:\/\/mariela-bravo.com\/es\/wp-json\/wp\/v2\/pages"}],"about":[{"href":"https:\/\/mariela-bravo.com\/es\/wp-json\/wp\/v2\/types\/page"}],"author":[{"embeddable":true,"href":"https:\/\/mariela-bravo.com\/es\/wp-json\/wp\/v2\/users\/2"}],"replies":[{"embeddable":true,"href":"https:\/\/mariela-bravo.com\/es\/wp-json\/wp\/v2\/comments?post=2036"}],"version-history":[{"count":0,"href":"https:\/\/mariela-bravo.com\/es\/wp-json\/wp\/v2\/pages\/2036\/revisions"}],"wp:attachment":[{"href":"https:\/\/mariela-bravo.com\/es\/wp-json\/wp\/v2\/media?parent=2036"}],"curies":[{"name":"wp","href":"https:\/\/api.w.org\/{rel}","templated":true}]}}