{"id":37637,"date":"2021-07-12T03:00:11","date_gmt":"2021-07-12T03:00:11","guid":{"rendered":"https:\/\/mariela-bravo.com\/mariela-nutricional-plan\/"},"modified":"2021-07-15T01:45:30","modified_gmt":"2021-07-15T01:45:30","slug":"mariela-nutricional-plan","status":"publish","type":"page","link":"https:\/\/mariela-bravo.com\/es\/mariela-nutricional-plan\/","title":{"rendered":"Plan Nutricional Mariela"},"content":{"rendered":"DESCARGO DE RESPONSABILIDAD: La informaci\u00f3n de este documento no pretende ni implica ser un sustituto del consejo m\u00e9dico personalizado, diagn\u00f3stico o tratamiento. La Lic. Etty Turgman no se hace responsable por el uso que usted le d\u00e9 a esta informaci\u00f3n. Se le recomienda que confirme cualquier informaci\u00f3n obtenida a trav\u00e9s de este documento con otras [&hellip;] \t\t<div class=\"woocommerce\">\n\t\t\t<div class=\"woocommerce-info wc-memberships-restriction-message wc-memberships-message wc-memberships-content-restricted-message\">\n\t\t\t\tTo access this page, you must purchase <span class=\"wc-memberships-products-grant-access\"><a href=\"https:\/\/mariela-bravo.com\/product\/be-your-best\/\">BE YOUR BEST<\/a>, <a href=\"https:\/\/mariela-bravo.com\/es\/product\/be-your-best\/\">BE YOUR BEST<\/a>, <a href=\"https:\/\/mariela-bravo.com\/product\/fit-30\/\">FIT30 (Monthly)<\/a>, <a href=\"https:\/\/mariela-bravo.com\/product\/fit-30\/?attribute_tipo-de-pago=Mensual\">FIT30 (Monthly) &ndash; Mensual<\/a>, <a href=\"https:\/\/mariela-bravo.com\/product\/fit-30-quarterly\/\">FIT30 (3 Months)<\/a>, <a href=\"https:\/\/mariela-bravo.com\/es\/product\/fit-30\/\">FIT30 (Mensual)<\/a> or <a href=\"https:\/\/mariela-bravo.com\/es\/product\/fit-30-trimestral\/\">FIT30 (Trimestral)<\/a><\/span>.\t\t    <\/div>\n\t\t<\/div>\n\t\t","protected":false},"excerpt":{"rendered":"<p>DESCARGO DE RESPONSABILIDAD: La informaci\u00f3n de este documento no pretende ni implica ser un sustituto del consejo m\u00e9dico personalizado, diagn\u00f3stico o tratamiento. La Lic. Etty Turgman no se hace responsable por el uso que usted le d\u00e9 a esta informaci\u00f3n. Se le recomienda que confirme cualquier informaci\u00f3n obtenida a trav\u00e9s de este documento con otras [&hellip;] \t\t<\/p>\n<div class=\"woocommerce\">\n<div class=\"woocommerce-info wc-memberships-restriction-message wc-memberships-message wc-memberships-content-restricted-message\">\n\t\t\t\tTo access this page, you must purchase <span class=\"wc-memberships-products-grant-access\"><a href=\"https:\/\/mariela-bravo.com\/product\/be-your-best\/\">BE YOUR BEST<\/a>, <a href=\"https:\/\/mariela-bravo.com\/es\/product\/be-your-best\/\">BE YOUR BEST<\/a>, <a href=\"https:\/\/mariela-bravo.com\/product\/fit-30\/\">FIT30 (Monthly)<\/a>, <a href=\"https:\/\/mariela-bravo.com\/product\/fit-30\/?attribute_tipo-de-pago=Mensual\">FIT30 (Monthly) &ndash; Mensual<\/a>, <a href=\"https:\/\/mariela-bravo.com\/product\/fit-30-quarterly\/\">FIT30 (3 Months)<\/a>, <a href=\"https:\/\/mariela-bravo.com\/es\/product\/fit-30\/\">FIT30 (Mensual)<\/a> or <a href=\"https:\/\/mariela-bravo.com\/es\/product\/fit-30-trimestral\/\">FIT30 (Trimestral)<\/a><\/span>.\t\t    <\/div>\n<\/p><\/div>\n","protected":false},"author":2,"featured_media":0,"parent":0,"menu_order":0,"comment_status":"closed","ping_status":"closed","template":"","meta":{"footnotes":""},"class_list":["post-37637","page","type-page","status-publish","hentry","membership-content","access-restricted"],"yoast_head":"<!-- This site is optimized with the Yoast SEO plugin v17.1 - https:\/\/yoast.com\/wordpress\/plugins\/seo\/ -->\n<title>Plan Nutricional Mariela - Mariela Bravo Fit<\/title>\n<meta name=\"robots\" content=\"index, follow, max-snippet:-1, max-image-preview:large, max-video-preview:-1\" \/>\n<link rel=\"canonical\" href=\"https:\/\/mariela-bravo.com\/es\/mariela-nutricional-plan\/\" \/>\n<meta property=\"og:locale\" content=\"es_ES\" \/>\n<meta property=\"og:type\" content=\"article\" \/>\n<meta property=\"og:title\" content=\"Plan Nutricional Mariela - Mariela Bravo Fit\" \/>\n<meta property=\"og:description\" content=\"DESCARGO DE RESPONSABILIDAD: La informaci\u00f3n de este documento no pretende ni implica ser un sustituto del consejo m\u00e9dico personalizado, diagn\u00f3stico o tratamiento. La Lic. Etty Turgman no se hace responsable por el uso que usted le d\u00e9 a esta informaci\u00f3n. Se le recomienda que confirme cualquier informaci\u00f3n obtenida a trav\u00e9s de este documento con otras [&hellip;]\" \/>\n<meta property=\"og:url\" content=\"https:\/\/mariela-bravo.com\/es\/mariela-nutricional-plan\/\" \/>\n<meta property=\"og:site_name\" content=\"Mariela Bravo Fit\" \/>\n<meta property=\"article:modified_time\" content=\"2021-07-15T01:45:30+00:00\" \/>\n<meta name=\"twitter:card\" content=\"summary_large_image\" \/>\n<meta name=\"twitter:label1\" content=\"Tiempo de lectura\" \/>\n\t<meta name=\"twitter:data1\" content=\"1 minuto\" \/>\n<script type=\"application\/ld+json\" class=\"yoast-schema-graph\">{\"@context\":\"https:\/\/schema.org\",\"@graph\":[{\"@type\":\"WebSite\",\"@id\":\"https:\/\/mariela-bravo.com\/#website\",\"url\":\"https:\/\/mariela-bravo.com\/\",\"name\":\"Mariela Bravo Fit\",\"description\":\"Healthy &amp; Lifestyle\",\"potentialAction\":[{\"@type\":\"SearchAction\",\"target\":{\"@type\":\"EntryPoint\",\"urlTemplate\":\"https:\/\/mariela-bravo.com\/?s={search_term_string}\"},\"query-input\":\"required name=search_term_string\"}],\"inLanguage\":\"es\"},{\"@type\":\"WebPage\",\"@id\":\"https:\/\/mariela-bravo.com\/es\/mariela-nutricional-plan\/#webpage\",\"url\":\"https:\/\/mariela-bravo.com\/es\/mariela-nutricional-plan\/\",\"name\":\"Plan Nutricional Mariela - Mariela Bravo Fit\",\"isPartOf\":{\"@id\":\"https:\/\/mariela-bravo.com\/#website\"},\"datePublished\":\"2021-07-12T03:00:11+00:00\",\"dateModified\":\"2021-07-15T01:45:30+00:00\",\"breadcrumb\":{\"@id\":\"https:\/\/mariela-bravo.com\/es\/mariela-nutricional-plan\/#breadcrumb\"},\"inLanguage\":\"es\",\"potentialAction\":[{\"@type\":\"ReadAction\",\"target\":[\"https:\/\/mariela-bravo.com\/es\/mariela-nutricional-plan\/\"]}]},{\"@type\":\"BreadcrumbList\",\"@id\":\"https:\/\/mariela-bravo.com\/es\/mariela-nutricional-plan\/#breadcrumb\",\"itemListElement\":[{\"@type\":\"ListItem\",\"position\":1,\"name\":\"Home\",\"item\":\"https:\/\/mariela-bravo.com\/es\/\"},{\"@type\":\"ListItem\",\"position\":2,\"name\":\"Plan Nutricional Mariela\"}]}]}<\/script>\n<!-- \/ Yoast SEO plugin. -->","yoast_head_json":{"title":"Plan Nutricional Mariela - Mariela Bravo Fit","robots":{"index":"index","follow":"follow","max-snippet":"max-snippet:-1","max-image-preview":"max-image-preview:large","max-video-preview":"max-video-preview:-1"},"canonical":"https:\/\/mariela-bravo.com\/es\/mariela-nutricional-plan\/","og_locale":"es_ES","og_type":"article","og_title":"Plan Nutricional Mariela - Mariela Bravo Fit","og_description":"DESCARGO DE RESPONSABILIDAD: La informaci\u00f3n de este documento no pretende ni implica ser un sustituto del consejo m\u00e9dico personalizado, diagn\u00f3stico o tratamiento. La Lic. Etty Turgman no se hace responsable por el uso que usted le d\u00e9 a esta informaci\u00f3n. Se le recomienda que confirme cualquier informaci\u00f3n obtenida a trav\u00e9s de este documento con otras [&hellip;]","og_url":"https:\/\/mariela-bravo.com\/es\/mariela-nutricional-plan\/","og_site_name":"Mariela Bravo Fit","article_modified_time":"2021-07-15T01:45:30+00:00","twitter_card":"summary_large_image","twitter_misc":{"Tiempo de lectura":"1 minuto"},"schema":{"@context":"https:\/\/schema.org","@graph":[{"@type":"WebSite","@id":"https:\/\/mariela-bravo.com\/#website","url":"https:\/\/mariela-bravo.com\/","name":"Mariela Bravo Fit","description":"Healthy &amp; Lifestyle","potentialAction":[{"@type":"SearchAction","target":{"@type":"EntryPoint","urlTemplate":"https:\/\/mariela-bravo.com\/?s={search_term_string}"},"query-input":"required name=search_term_string"}],"inLanguage":"es"},{"@type":"WebPage","@id":"https:\/\/mariela-bravo.com\/es\/mariela-nutricional-plan\/#webpage","url":"https:\/\/mariela-bravo.com\/es\/mariela-nutricional-plan\/","name":"Plan Nutricional Mariela - Mariela Bravo Fit","isPartOf":{"@id":"https:\/\/mariela-bravo.com\/#website"},"datePublished":"2021-07-12T03:00:11+00:00","dateModified":"2021-07-15T01:45:30+00:00","breadcrumb":{"@id":"https:\/\/mariela-bravo.com\/es\/mariela-nutricional-plan\/#breadcrumb"},"inLanguage":"es","potentialAction":[{"@type":"ReadAction","target":["https:\/\/mariela-bravo.com\/es\/mariela-nutricional-plan\/"]}]},{"@type":"BreadcrumbList","@id":"https:\/\/mariela-bravo.com\/es\/mariela-nutricional-plan\/#breadcrumb","itemListElement":[{"@type":"ListItem","position":1,"name":"Home","item":"https:\/\/mariela-bravo.com\/es\/"},{"@type":"ListItem","position":2,"name":"Plan Nutricional Mariela"}]}]}},"_links":{"self":[{"href":"https:\/\/mariela-bravo.com\/es\/wp-json\/wp\/v2\/pages\/37637","targetHints":{"allow":["GET"]}}],"collection":[{"href":"https:\/\/mariela-bravo.com\/es\/wp-json\/wp\/v2\/pages"}],"about":[{"href":"https:\/\/mariela-bravo.com\/es\/wp-json\/wp\/v2\/types\/page"}],"author":[{"embeddable":true,"href":"https:\/\/mariela-bravo.com\/es\/wp-json\/wp\/v2\/users\/2"}],"replies":[{"embeddable":true,"href":"https:\/\/mariela-bravo.com\/es\/wp-json\/wp\/v2\/comments?post=37637"}],"version-history":[{"count":0,"href":"https:\/\/mariela-bravo.com\/es\/wp-json\/wp\/v2\/pages\/37637\/revisions"}],"wp:attachment":[{"href":"https:\/\/mariela-bravo.com\/es\/wp-json\/wp\/v2\/media?parent=37637"}],"curies":[{"name":"wp","href":"https:\/\/api.w.org\/{rel}","templated":true}]}}