{"id":4522,"date":"2021-01-23T21:27:49","date_gmt":"2021-01-23T21:27:49","guid":{"rendered":"https:\/\/mariela-bravo.com\/?post_type=product&#038;p=4522"},"modified":"2023-10-02T08:48:08","modified_gmt":"2023-10-02T13:48:08","slug":"be-a-hero","status":"publish","type":"product","link":"https:\/\/mariela-bravo.com\/es\/product\/be-a-hero\/","title":{"rendered":"Be a Hero"},"content":{"rendered":"<div class=\"vc_row wpb_row vc_row-fluid\"><div class=\"wpb_column vc_column_container vc_col-sm-12\"><div class=\"vc_column-inner\"><div class=\"wpb_wrapper\">\n\t<div class=\"wpb_text_column wpb_content_element  responsive_js_composer_custom_css_54708457\" >\n\t\t<div class=\"wpb_wrapper\">\n\t\t\t<p><span style=\"font-weight: 400;\">Es un hermoso paquete exclusivo dise\u00f1ado para motivar a nuestros hijos a ejercitarse en casa, con sus padres y familia. Son sesiones de entrenamiento por paquete para disfrutar con nuestros hijos, para divertirnos, para sudar y para ense\u00f1arles los ejercicios b\u00e1sicos.<\/span><\/p>\n<p><span style=\"font-weight: 400;\">Y la mejor parte es que estamos haciendo de nuestros hijos unos H\u00c9ROES.<\/span><\/p>\n<p><span style=\"font-weight: 400;\">Al comprar este plan de entrenamiento, el 100% del costo ser\u00e1 donado a OLIMPIADAS ESPECIALES AM\u00c9RICA LATINA.<\/span><\/p>\n\n\t\t<\/div>\n\t<\/div>\n<div id=\"iconwrap\" class=\"vc_row wpb_row vc_inner vc_row-fluid vc_custom_1598591466448 responsive_js_composer_custom_css_797766331\"><div class=\"wpb_column vc_column_container vc_col-sm-3\"><div class=\"vc_column-inner\"><div class=\"wpb_wrapper\">            <div class=\"zonex-iconbox  style-01 text-light zonex_custom_css_1585549825   responsive_js_composer_custom_css_1026761147\">\r\n                <div class=\"iconbox-inner\">\r\n                    <div class=\"icon\" >\r\n                                                    <img loading=\"lazy\" decoding=\"async\" width=\"1000\" height=\"1000\" src=\"https:\/\/mariela-bravo.com\/wp-content\/uploads\/2020\/08\/lila-128@2x.png\" class=\"attachment-full size-full\" alt=\"\" srcset=\"https:\/\/mariela-bravo.com\/wp-content\/uploads\/2020\/08\/lila-128@2x.png 1000w, https:\/\/mariela-bravo.com\/wp-content\/uploads\/2020\/08\/lila-128@2x-300x300.png 300w, https:\/\/mariela-bravo.com\/wp-content\/uploads\/2020\/08\/lila-128@2x-675x675.png 675w, https:\/\/mariela-bravo.com\/wp-content\/uploads\/2020\/08\/lila-128@2x-150x150.png 150w, https:\/\/mariela-bravo.com\/wp-content\/uploads\/2020\/08\/lila-128@2x-768x768.png 768w\" sizes=\"auto, (max-width: 1000px) 100vw, 1000px\" \/>                                            <\/div>\r\n                    <div class=\"content\">\r\n                                                    <h4 class=\"title\">\r\n                                En casa                            <\/h4>\r\n                                                                                            <\/div>\r\n                                    <\/div>\r\n            <\/div>\r\n            <\/div><\/div><\/div><div class=\"wpb_column vc_column_container vc_col-sm-3\"><div class=\"vc_column-inner\"><div class=\"wpb_wrapper\">            <div class=\"zonex-iconbox  style-01 text-light zonex_custom_css_2097944670   responsive_js_composer_custom_css_1243610723\">\r\n                <div class=\"iconbox-inner\">\r\n                    <div class=\"icon\" >\r\n                                                    <img loading=\"lazy\" decoding=\"async\" width=\"600\" height=\"600\" src=\"https:\/\/mariela-bravo.com\/wp-content\/uploads\/2020\/10\/familys.png\" class=\"attachment-full size-full\" alt=\"\" srcset=\"https:\/\/mariela-bravo.com\/wp-content\/uploads\/2020\/10\/familys.png 600w, https:\/\/mariela-bravo.com\/wp-content\/uploads\/2020\/10\/familys-300x300.png 300w, https:\/\/mariela-bravo.com\/wp-content\/uploads\/2020\/10\/familys-150x150.png 150w\" sizes=\"auto, (max-width: 600px) 100vw, 600px\" \/>                                            <\/div>\r\n                    <div class=\"content\">\r\n                                                    <h4 class=\"title\">\r\n                                Familia                            <\/h4>\r\n                                                                                            <\/div>\r\n                                    <\/div>\r\n            <\/div>\r\n            <\/div><\/div><\/div><div class=\"wpb_column vc_column_container vc_col-sm-3\"><div class=\"vc_column-inner\"><div class=\"wpb_wrapper\">            <div class=\"zonex-iconbox  style-01 text-light zonex_custom_css_725478117   responsive_js_composer_custom_css_56917588\">\r\n                <div class=\"iconbox-inner\">\r\n                    <div class=\"icon\" >\r\n                                                    <img loading=\"lazy\" decoding=\"async\" width=\"600\" height=\"600\" src=\"https:\/\/mariela-bravo.com\/wp-content\/uploads\/2020\/10\/kid.png\" class=\"attachment-full size-full\" alt=\"\" srcset=\"https:\/\/mariela-bravo.com\/wp-content\/uploads\/2020\/10\/kid.png 600w, https:\/\/mariela-bravo.com\/wp-content\/uploads\/2020\/10\/kid-300x300.png 300w, https:\/\/mariela-bravo.com\/wp-content\/uploads\/2020\/10\/kid-150x150.png 150w\" sizes=\"auto, (max-width: 600px) 100vw, 600px\" \/>                                            <\/div>\r\n                    <div class=\"content\">\r\n                                                    <h4 class=\"title\">\r\n                                Ni\u00f1os                            <\/h4>\r\n                                                                                            <\/div>\r\n                                    <\/div>\r\n            <\/div>\r\n            <\/div><\/div><\/div><div class=\"wpb_column vc_column_container vc_col-sm-3\"><div class=\"vc_column-inner\"><div class=\"wpb_wrapper\">            <div class=\"zonex-iconbox  style-01 text-light zonex_custom_css_135171767   responsive_js_composer_custom_css_1644915200\">\r\n                <div class=\"iconbox-inner\">\r\n                    <div class=\"icon\" >\r\n                                                    <img loading=\"lazy\" decoding=\"async\" width=\"1000\" height=\"1000\" src=\"https:\/\/mariela-bravo.com\/wp-content\/uploads\/2020\/08\/coral-63_3@2x.png\" class=\"attachment-full size-full\" alt=\"\" srcset=\"https:\/\/mariela-bravo.com\/wp-content\/uploads\/2020\/08\/coral-63_3@2x.png 1000w, https:\/\/mariela-bravo.com\/wp-content\/uploads\/2020\/08\/coral-63_3@2x-300x300.png 300w, https:\/\/mariela-bravo.com\/wp-content\/uploads\/2020\/08\/coral-63_3@2x-675x675.png 675w, https:\/\/mariela-bravo.com\/wp-content\/uploads\/2020\/08\/coral-63_3@2x-150x150.png 150w, https:\/\/mariela-bravo.com\/wp-content\/uploads\/2020\/08\/coral-63_3@2x-768x768.png 768w\" sizes=\"auto, (max-width: 1000px) 100vw, 1000px\" \/>                                            <\/div>\r\n                    <div class=\"content\">\r\n                                                    <h4 class=\"title\">\r\n                                Programa de membres\u00eda                            <\/h4>\r\n                                                                                            <\/div>\r\n                                    <\/div>\r\n            <\/div>\r\n            <\/div><\/div><\/div><\/div>\n\t<div class=\"wpb_text_column wpb_content_element  vc_custom_1598592492491 responsive_js_composer_custom_css_122554917\" >\n\t\t<div class=\"wpb_wrapper\">\n\t\t\t<p><iframe loading=\"lazy\" title=\"BE A HERO\" src=\"https:\/\/player.vimeo.com\/video\/487096900?dnt=1&amp;app_id=122963\" width=\"900\" height=\"506\" frameborder=\"0\" allow=\"autoplay; fullscreen\" allowfullscreen><\/iframe><\/p>\n\n\t\t<\/div>\n\t<\/div>\n\n\t<div class=\"wpb_text_column wpb_content_element  responsive_js_composer_custom_css_998333344\" >\n\t\t<div class=\"wpb_wrapper\">\n\t\t\t<p><span style=\"font-weight: 400;\">Cuando tus hijos est\u00e9n haciendo sus entrenamientos, ellos no s\u00f3lo estar\u00e1n haciendo ejercicios, tambi\u00e9n estar\u00e1n haciendo una donaci\u00f3n a OLIMPIADAS ESPECIALES AM\u00c9RICA LATINA, para ayudar a atletas con y sin discapacidades intelectuales a alcanzar todo su potencial. Esta es una importante causa y por ello es muy importante que nuestros hijos sepan que est\u00e1n ayudando a otros, que son unos H\u00c9ROES.<\/span><\/p>\n<p><strong>Para conocer m\u00e1s de Olimpiadas Especiales, puedes visitar <a href=\"http:\/\/www.specialolympics.org\/LatinAmerica\">www.SpecialOlympics.org\/LatinAmerica.<\/a>\u00a0<\/strong><\/p>\n\n\t\t<\/div>\n\t<\/div>\n<\/div><\/div><\/div><\/div>\n","protected":false},"excerpt":{"rendered":"<p><span style=\"font-weight: 400;\">Paquete exclusivo dise\u00f1ado para motivar a los ni\u00f1os para hacer ejercicio en casa, en familia. \u00a1Vamos a motivarlos, ense\u00f1arles y hacerlos H\u00c9ROES! Nuestros ni\u00f1os estar\u00e1n haciendo ejercicio y ayudando a otros.<\/span><\/p>\n<p><span style=\"font-weight: 400;\">Es un paquete desarrollado en conjunto con OLIMPIADAS ESPECIALES AM\u00c9RICA LATINA, 100% del costo ser\u00e1 donado a OLIMPIADAS ESPECIALES AM\u00c9RICA LATINA para ayudar a atletas con y sin discapacidad intelectual.\u00a0<\/span><\/p>\n<p>4 sesiones de entrenamiento por paquete.<\/p>\n","protected":false},"featured_media":744,"comment_status":"open","ping_status":"closed","template":"","meta":[],"class_list":["post-4522","product","type-product","status-publish","has-post-thumbnail","hentry","product_cat-one-time-es"],"yoast_head":"<!-- This site is optimized with the Yoast SEO plugin v17.1 - https:\/\/yoast.com\/wordpress\/plugins\/seo\/ -->\n<title>Be a Hero - Mariela Bravo Fit<\/title>\n<meta name=\"robots\" content=\"index, follow, max-snippet:-1, max-image-preview:large, max-video-preview:-1\" \/>\n<link rel=\"canonical\" href=\"https:\/\/mariela-bravo.com\/es\/product\/be-a-hero\/\" \/>\n<meta property=\"og:locale\" content=\"es_ES\" \/>\n<meta property=\"og:type\" content=\"article\" \/>\n<meta property=\"og:title\" content=\"Be a Hero - Mariela Bravo Fit\" \/>\n<meta property=\"og:description\" content=\"Paquete exclusivo dise\u00f1ado para motivar a los ni\u00f1os para hacer ejercicio en casa, en familia. \u00a1Vamos a motivarlos, ense\u00f1arles y hacerlos H\u00c9ROES! Nuestros ni\u00f1os estar\u00e1n haciendo ejercicio y ayudando a otros.  Es un paquete desarrollado en conjunto con OLIMPIADAS ESPECIALES AM\u00c9RICA LATINA, 100% del costo ser\u00e1 donado a OLIMPIADAS ESPECIALES AM\u00c9RICA LATINA para ayudar a atletas con y sin discapacidad intelectual.\u00a0  4 sesiones de entrenamiento por paquete.\" \/>\n<meta property=\"og:url\" content=\"https:\/\/mariela-bravo.com\/es\/product\/be-a-hero\/\" \/>\n<meta property=\"og:site_name\" content=\"Mariela Bravo Fit\" \/>\n<meta property=\"article:modified_time\" content=\"2023-10-02T13:48:08+00:00\" \/>\n<meta property=\"og:image\" content=\"https:\/\/mariela-bravo.com\/wp-content\/uploads\/2020\/06\/behero.jpg\" \/>\n\t<meta property=\"og:image:width\" content=\"1024\" \/>\n\t<meta property=\"og:image:height\" content=\"1024\" \/>\n<meta name=\"twitter:card\" content=\"summary_large_image\" \/>\n<meta name=\"twitter:label1\" content=\"Tiempo de lectura\" \/>\n\t<meta name=\"twitter:data1\" content=\"2 minutos\" \/>\n<script type=\"application\/ld+json\" class=\"yoast-schema-graph\">{\"@context\":\"https:\/\/schema.org\",\"@graph\":[{\"@type\":\"WebSite\",\"@id\":\"https:\/\/mariela-bravo.com\/#website\",\"url\":\"https:\/\/mariela-bravo.com\/\",\"name\":\"Mariela Bravo Fit\",\"description\":\"Healthy &amp; Lifestyle\",\"potentialAction\":[{\"@type\":\"SearchAction\",\"target\":{\"@type\":\"EntryPoint\",\"urlTemplate\":\"https:\/\/mariela-bravo.com\/?s={search_term_string}\"},\"query-input\":\"required name=search_term_string\"}],\"inLanguage\":\"es\"},{\"@type\":\"ImageObject\",\"@id\":\"https:\/\/mariela-bravo.com\/es\/product\/be-a-hero\/#primaryimage\",\"inLanguage\":\"es\",\"url\":\"https:\/\/mariela-bravo.com\/wp-content\/uploads\/2020\/06\/behero.jpg\",\"contentUrl\":\"https:\/\/mariela-bravo.com\/wp-content\/uploads\/2020\/06\/behero.jpg\",\"width\":1024,\"height\":1024},{\"@type\":\"WebPage\",\"@id\":\"https:\/\/mariela-bravo.com\/es\/product\/be-a-hero\/#webpage\",\"url\":\"https:\/\/mariela-bravo.com\/es\/product\/be-a-hero\/\",\"name\":\"Be a Hero - Mariela Bravo Fit\",\"isPartOf\":{\"@id\":\"https:\/\/mariela-bravo.com\/#website\"},\"primaryImageOfPage\":{\"@id\":\"https:\/\/mariela-bravo.com\/es\/product\/be-a-hero\/#primaryimage\"},\"datePublished\":\"2021-01-23T21:27:49+00:00\",\"dateModified\":\"2023-10-02T13:48:08+00:00\",\"breadcrumb\":{\"@id\":\"https:\/\/mariela-bravo.com\/es\/product\/be-a-hero\/#breadcrumb\"},\"inLanguage\":\"es\",\"potentialAction\":[{\"@type\":\"ReadAction\",\"target\":[\"https:\/\/mariela-bravo.com\/es\/product\/be-a-hero\/\"]}]},{\"@type\":\"BreadcrumbList\",\"@id\":\"https:\/\/mariela-bravo.com\/es\/product\/be-a-hero\/#breadcrumb\",\"itemListElement\":[{\"@type\":\"ListItem\",\"position\":1,\"name\":\"Home\",\"item\":\"https:\/\/mariela-bravo.com\/es\/\"},{\"@type\":\"ListItem\",\"position\":2,\"name\":\"Shop\",\"item\":\"https:\/\/mariela-bravo.com\/shop\/\"},{\"@type\":\"ListItem\",\"position\":3,\"name\":\"Be a Hero\"}]}]}<\/script>\n<!-- \/ Yoast SEO plugin. -->","yoast_head_json":{"title":"Be a Hero - Mariela Bravo Fit","robots":{"index":"index","follow":"follow","max-snippet":"max-snippet:-1","max-image-preview":"max-image-preview:large","max-video-preview":"max-video-preview:-1"},"canonical":"https:\/\/mariela-bravo.com\/es\/product\/be-a-hero\/","og_locale":"es_ES","og_type":"article","og_title":"Be a Hero - Mariela Bravo Fit","og_description":"Paquete exclusivo dise\u00f1ado para motivar a los ni\u00f1os para hacer ejercicio en casa, en familia. \u00a1Vamos a motivarlos, ense\u00f1arles y hacerlos H\u00c9ROES! Nuestros ni\u00f1os estar\u00e1n haciendo ejercicio y ayudando a otros.  Es un paquete desarrollado en conjunto con OLIMPIADAS ESPECIALES AM\u00c9RICA LATINA, 100% del costo ser\u00e1 donado a OLIMPIADAS ESPECIALES AM\u00c9RICA LATINA para ayudar a atletas con y sin discapacidad intelectual.\u00a0  4 sesiones de entrenamiento por paquete.","og_url":"https:\/\/mariela-bravo.com\/es\/product\/be-a-hero\/","og_site_name":"Mariela Bravo Fit","article_modified_time":"2023-10-02T13:48:08+00:00","og_image":[{"width":1024,"height":1024,"url":"https:\/\/mariela-bravo.com\/wp-content\/uploads\/2020\/06\/behero.jpg","path":"\/nas\/content\/live\/marielabravo\/wp-content\/uploads\/2020\/06\/behero.jpg","size":"full","id":744,"alt":"","pixels":1048576,"type":"image\/jpeg"}],"twitter_card":"summary_large_image","twitter_misc":{"Tiempo de lectura":"2 minutos"},"schema":{"@context":"https:\/\/schema.org","@graph":[{"@type":"WebSite","@id":"https:\/\/mariela-bravo.com\/#website","url":"https:\/\/mariela-bravo.com\/","name":"Mariela Bravo Fit","description":"Healthy &amp; Lifestyle","potentialAction":[{"@type":"SearchAction","target":{"@type":"EntryPoint","urlTemplate":"https:\/\/mariela-bravo.com\/?s={search_term_string}"},"query-input":"required name=search_term_string"}],"inLanguage":"es"},{"@type":"ImageObject","@id":"https:\/\/mariela-bravo.com\/es\/product\/be-a-hero\/#primaryimage","inLanguage":"es","url":"https:\/\/mariela-bravo.com\/wp-content\/uploads\/2020\/06\/behero.jpg","contentUrl":"https:\/\/mariela-bravo.com\/wp-content\/uploads\/2020\/06\/behero.jpg","width":1024,"height":1024},{"@type":"WebPage","@id":"https:\/\/mariela-bravo.com\/es\/product\/be-a-hero\/#webpage","url":"https:\/\/mariela-bravo.com\/es\/product\/be-a-hero\/","name":"Be a Hero - Mariela Bravo Fit","isPartOf":{"@id":"https:\/\/mariela-bravo.com\/#website"},"primaryImageOfPage":{"@id":"https:\/\/mariela-bravo.com\/es\/product\/be-a-hero\/#primaryimage"},"datePublished":"2021-01-23T21:27:49+00:00","dateModified":"2023-10-02T13:48:08+00:00","breadcrumb":{"@id":"https:\/\/mariela-bravo.com\/es\/product\/be-a-hero\/#breadcrumb"},"inLanguage":"es","potentialAction":[{"@type":"ReadAction","target":["https:\/\/mariela-bravo.com\/es\/product\/be-a-hero\/"]}]},{"@type":"BreadcrumbList","@id":"https:\/\/mariela-bravo.com\/es\/product\/be-a-hero\/#breadcrumb","itemListElement":[{"@type":"ListItem","position":1,"name":"Home","item":"https:\/\/mariela-bravo.com\/es\/"},{"@type":"ListItem","position":2,"name":"Shop","item":"https:\/\/mariela-bravo.com\/shop\/"},{"@type":"ListItem","position":3,"name":"Be a Hero"}]}]}},"_links":{"self":[{"href":"https:\/\/mariela-bravo.com\/es\/wp-json\/wp\/v2\/product\/4522","targetHints":{"allow":["GET"]}}],"collection":[{"href":"https:\/\/mariela-bravo.com\/es\/wp-json\/wp\/v2\/product"}],"about":[{"href":"https:\/\/mariela-bravo.com\/es\/wp-json\/wp\/v2\/types\/product"}],"replies":[{"embeddable":true,"href":"https:\/\/mariela-bravo.com\/es\/wp-json\/wp\/v2\/comments?post=4522"}],"wp:featuredmedia":[{"embeddable":true,"href":"https:\/\/mariela-bravo.com\/es\/wp-json\/wp\/v2\/media\/744"}],"wp:attachment":[{"href":"https:\/\/mariela-bravo.com\/es\/wp-json\/wp\/v2\/media?parent=4522"}],"curies":[{"name":"wp","href":"https:\/\/api.w.org\/{rel}","templated":true}]}}